{"id":404,"date":"2025-11-26T10:47:37","date_gmt":"2025-11-26T10:47:37","guid":{"rendered":"https:\/\/parkingbergeggi.it\/datenschutzerklaerung-eu\/"},"modified":"2026-01-22T16:40:50","modified_gmt":"2026-01-22T16:40:50","slug":"datenschutzerklaerung-eu","status":"publish","type":"page","link":"https:\/\/parkingbergeggi.it\/de\/datenschutzerklaerung-eu\/","title":{"rendered":"Datenschutzerkl\u00e4rung (EU)"},"content":{"rendered":"\t\t<div data-elementor-type=\"wp-page\" data-elementor-id=\"404\" class=\"elementor elementor-404 elementor-14\" data-elementor-post-type=\"page\">\n\t\t\t\t<div class=\"elementor-element elementor-element-5090e14c e-flex e-con-boxed e-con e-parent\" data-id=\"5090e14c\" data-element_type=\"container\">\n\t\t\t\t\t<div class=\"e-con-inner\">\n\t\t\t\t<div class=\"elementor-element elementor-element-78716ed5 elementor-widget elementor-widget-text-editor\" data-id=\"78716ed5\" data-element_type=\"widget\" data-widget_type=\"text-editor.default\">\n\t\t\t\t\t\t\t\t\t<h4><b>DATENSCHUTZ POLICY IM INTERNET SEITE<\/b><\/h4><h4><b>GRUND F\u00dcR DIESEN HINWEIS<\/b><\/h4><p>Dieses Dokument beschreibt die Verfahren f\u00fcr die Verwaltung der Internet-Seite in Bezug auf die Verarbeitung von personenbezogenen Daten der Benutzer, die es zu konsultieren.<\/p><p>Es ist ein informativer Bericht nach<a href=\"http:\/\/www.garanteprivacy.it\/garante\/doc.jsp?ID=1311248#articolo13\" target=\"_blank\" rel=\"noopener\"> Artikel 13 der Gesetzesverordnung nr. 196\/2003 und DSGVO von Eu 679\/2016 pers\u00f6nliche Daten-Schutz-Code <\/a>und DSGVO von Eu 679\/2016 f\u00fcr diejenigen, die interagieren mit der Website des CONSORZIO SAVONA Kreuzfahrten zum Schutz personenbezogener Daten, zug\u00e4nglich im Internet unter folgender Adresse:: <i>www.parkingbergeggi.it.<\/i><\/p><p>Diese Erkl\u00e4rung betrifft nur die Webseite <i>www.parkingbergeggi.it.<\/i><i> oder f\u00fcr die Unternehmen in Zusammenarbeit mit dem CONSORZIO SAVONA t\u00e4tig.<\/i><\/p><p>Der informativer Bericht beruht auch auf<a href=\"http:\/\/www.garanteprivacy.it\/garante\/doc.jsp?ID=1609845\"> Empfehlung 2\/2001<\/a>, die europ\u00e4ischen Beh\u00f6rden f\u00fcr den personenbezogener Datenshutz, gesammelt in der Gruppe gegr\u00fcndet von <i><a href=\"http:\/\/www.garanteprivacy.it\/garante\/document?ID=432175\" target=\"_blank\" rel=\"noopener\">Artikel 29 der Richtlinie Nr. 95\/46\/EG<\/a><\/i>, haben am 17. Mai 2001 einige Mindestanforderungen f\u00fcr die personenbezogener Daten \u00fcber das Internet zu identifizieren angenommen und, insbesondere, die Art, der Zeitpunkt und die Art der Informationen, die der Benutzer f\u00fcr Datenverarbeitung bereitstellen m\u00fcssen, wenn sie Web-Seite, unabh\u00e4ngig vom Zweck der Verbindung, herstellen.<\/p><p><b>DER &#8220;BESITZER&#8221; DER BEHANDLUNG<\/b><\/p><p>Nach Konsultation dieser Webseite m\u00f6glicherweise verarbeiteten Daten von identifizierten oder identifizierbaren Personen.<\/p><p>Der &#8220;Besitzer&#8221; der Behandlung ist das CONSORZIO SAVONA KREUZFAHRTEN mit Sitz in Via c. Battisti 4\/6 \u2013 17100 Savona und Verwaltungssitz in Via Braja 30-32R-17100 Savona.<\/p><p><b>DER AUFTRAGSVERARBEITER<\/b><\/p><p>Das CONSORZIO SAVONA KREUZFAHRTEN hat der Leiter der Datenverarbeitung ernannt, dessen Name erhalten bleibt gem\u00e4\u00df <a href=\"http:\/\/www.garanteprivacy.it\/garante\/doc.jsp?ID=1311248#articolo29\">Artikel 29<\/a> des Codes \u00fcber den personenbezogener Datenschutz, als verantwortlich f\u00fcr die Aufrechterhaltung der technischen Komponenten des Seite.<\/p><p><b>ORT DER DATENVERARBEITUNG<\/b><\/p><p>Die Verarbeitungen, die mit den Web-Diensten dieser Webseite an der oben genannten Verwaltungssitz in Via Braja 30-32R-17100 Savona verbunden findet und sie werden nur durch Verwaltungspersonal zust\u00e4ndig verwaltet. Falls erforderlich, k\u00f6nnen die Daten im Zusammenhang mit dem Newsletter-Service von den Mitarbeitern des Unternehmens behandelt werden, die k\u00fcmmert sich um die Wartung des technologischen Teils der Website in \u00dcbereinstimmung mit der Datenschutzgesetzgebung. <\/p><p><b>ART DER VERARBEITETEN DATEN<\/b><\/p><p><b><i>Browserdaten<\/i><\/b><\/p><p>Die EDV-Systeme und Software-Verfahren verwendet um die fragliche Website erwerben, w\u00e4hrend des normalen Betriebs, einige pers\u00f6nlichen Daten, deren \u00dcbertragung in die Kommunikationsprotokolle des Internets implizit ist.<\/p><p>Diese Informationen sind nicht gesammelt um identifizierten Betroffenen zugeordnet werden aber naturgem\u00e4\u00df k\u00f6nnte, durch Verarbeitung und Verkn\u00fcpfung mit Daten im Besitz von Dritten, die Benutzer identifiziert werden.<\/p><p>Zu dieser Kategorie von Daten geh\u00f6ren IP-Adressen oder Domain-Namen der Computer von Benutzern, die mit der Website verbinden, die URI (Uniform Resource Identifier) Adressen der Ressourcen verlangt, die Uhrzeit der Anforderung, die Methode verwendet um die Anforderung an den Server, die Gr\u00f6\u00dfe der Datei erhalten in ihrer Antwort zu \u00fcbermitteln, der numerische Code, die zur Angabe des Status der Antwort vom Server (erfolgreich, Fehler, etc..) und andere Parameter in Bezug auf Betriebssystem und Computer-Umgebung des Benutzers.<\/p><p>Die gesammelten Informationen enth\u00e4lt:<\/p><ul type=\"disc\"><li>IP-Adresse und Informationen \u00fcber Ihr Ger\u00e4t wie zum Beispiel das Betriebssystem Ihres Computers<\/li><li>Vollst\u00e4ndiger Name und Kontakt Informationen wie Ihre e-Mail-Adresse<\/li><li>Details des Fahrzeugs und die Autokennzeichen<\/li><li>Einige Details der Reise, wie der Name des Schiffs, die Abfahrt und Ankunftszeiten<\/li><\/ul><p>Wir werden niemals vertrauliche Informationen ohne Ihre ausdr\u00fcckliche Zustimmung sammeln. Die Informationen werden in unserem Besitz korrekt und aktuell wie m\u00f6glich. <\/p><p>Diese Daten k\u00f6nnten f\u00fcr den alleinigen Zweck der Erlangung anonymen statistischen Informationen \u00fcber Website-Nutzung verwendet werden und seine korrekte Funktion zu \u00fcberpr\u00fcfen und wird sofort nach der Verarbeitung gel\u00f6scht. Die Daten k\u00f6nnten verwendet werden, um Verantwortung im Falle von hypothetischen Computer Verbrechen gegen die Website festzustellen. <\/p><p><b><i>Daten vom Benutzer freiwillig zur Verf\u00fcgung gestellt<\/i><\/b><\/p><p>Die optionale, ausdr\u00fcckliche und freiwillige Zusendung von E-mails an die angegebenen Adressen dieser Website beinhaltet die \u00dcbernahme von die Adresse des Absenders, notwendig, um auf Anfragen reagieren, und sonstige pers\u00f6nlichen Daten, die in der Nachricht enthalten.<\/p><p><b><i>Cookies<\/i><\/b><\/p><p>Das CONSORZIO verwendet Cookies ausschlie\u00dflich technische in einem v\u00f6llig anonym Form f\u00fcr die ist es nicht notwendig, eine vorherige Zustimmung erforderlich.<\/p><p><b>OPTIONALIT\u00c4T DER DATEN<\/b><\/p><p>Abgesehen davon, dass f\u00fcr Navigationsdaten ist der Benutzer frei an das CONSORZIO SAVONA Kreuzfahrten zu liefern pers\u00f6nliche Daten in den Antragsformularen enthaltenen oder in Kontakt mit dem CONSORZIO angegeben.<\/p><p>Ihrer Abwesenheit macht es unm\u00f6glich zu erhalten was angefordert wurde.<\/p><p><b>METHODEN DER DATENVERARBEITUNG<\/b><\/p><p>Personenbezogene Daten werden mit automatisierten Instrumenten der Zeit unbedingt notwendig, um die Zwecke f\u00fcr die sie erhoben wurden, verarbeitet.<\/p><p>Spezifische Sicherheitsma\u00dfnahmen eingehalten werden, um Datenverlust, illegale oder falsche Verwendung und unbefugten Zugriff zu verhindern.<\/p><p><b>RECHTE DES BETROFFENEN<\/b><\/p><p>Die Personen, die die pers\u00f6nlichen Daten beziehen sich, haben das Recht jederzeit die Best\u00e4tigung der Existenz zu erhalten oder sonst solcher Daten und um seine Inhalte und seine Herkunft zu erfahren, ihre Richtigkeit zu \u00fcberpr\u00fcfen oder fordern Sie die Integration oder Aktualisierung, oder Nachbesserung (<a href=\"http:\/\/www.garanteprivacy.it\/garante\/doc.jsp?ID=1311248#articolo7\" target=\"_blank\" rel=\"noopener\">Artikel 7 des Codes hinsichtlich des Schutzes personenbezogener Daten<\/a>).<\/p><p>Nach der gleichen Artikel hat man das Recht, die L\u00f6schung, die Umwandlung in anonyme Form anzufordern oder der Block der Daten in Verletzung des Gesetzes behandelt, und jedenfalls aus legitimen Gr\u00fcnden ihre Behandlung zu widersetzen.<\/p><p>Anfragen sind zu richten:<\/p><p>\u00a7 per E-mail an<a href=\"mailto:rdp@parkingsavona.com\" target=\"_blank\" rel=\"noopener\"> rdp@parkingsavona.com<\/a>;<\/p><p>\u00a7 per Fax an die Nummer 019-80.04.57;<\/p><p>\u00a7 per Post an CONSORZIO SAVONA CROCIERE das registriert B\u00fcro Via c. Battisti 4\/6, 17100 Savona oder der Verwaltungssitz Via Braja 30-32R, 17100 Savona.<\/p><p>Die Ver\u00f6ffentlichung des vorliegenden Dokuments an die Adresse <i>http:\/\/www.parkingbergeggi.it\/<\/i> in Abschnitt Privatsph\u00e4re stellt die &#8220;Datenschutz Policy&#8221; dieser Website, die aktualisiert werden.<a name=\"english\"><\/a><\/p><p>CONSORZIO SAVONA CROCIERE<\/p><p><\/p><p><\/p>\t\t\t\t\t\t\t\t<\/div>\n\t\t\t\t<div class=\"elementor-element elementor-element-d89ad59 elementor-widget elementor-widget-heading\" data-id=\"d89ad59\" data-element_type=\"widget\" data-widget_type=\"heading.default\">\n\t\t\t\t\t<h2 class=\"elementor-heading-title elementor-size-default\">Datenschutzerkl\u00e4rung DATENSCHUTZERKL\u00c4EUNG<\/h2>\t\t\t\t<\/div>\n\t\t\t\t\t<\/div>\n\t\t\t\t<\/div>\n\t\t\t\t<\/div>\n\t\t","protected":false},"excerpt":{"rendered":"<p>DATENSCHUTZ POLICY IM INTERNET SEITE GRUND F\u00dcR DIESEN HINWEIS Dieses Dokument beschreibt die Verfahren f\u00fcr die Verwaltung der Internet-Seite in Bezug auf die Verarbeitung von personenbezogenen Daten der Benutzer, die es zu konsultieren. Es ist ein informativer Bericht nach Artikel 13 der Gesetzesverordnung nr. 196\/2003 und DSGVO von Eu 679\/2016 pers\u00f6nliche Daten-Schutz-Code und DSGVO von [&hellip;]<\/p>\n","protected":false},"author":1,"featured_media":0,"parent":0,"menu_order":0,"comment_status":"closed","ping_status":"closed","template":"","meta":{"footnotes":""},"class_list":["post-404","page","type-page","status-publish","hentry"],"_links":{"self":[{"href":"https:\/\/parkingbergeggi.it\/de\/wp-json\/wp\/v2\/pages\/404","targetHints":{"allow":["GET"]}}],"collection":[{"href":"https:\/\/parkingbergeggi.it\/de\/wp-json\/wp\/v2\/pages"}],"about":[{"href":"https:\/\/parkingbergeggi.it\/de\/wp-json\/wp\/v2\/types\/page"}],"author":[{"embeddable":true,"href":"https:\/\/parkingbergeggi.it\/de\/wp-json\/wp\/v2\/users\/1"}],"replies":[{"embeddable":true,"href":"https:\/\/parkingbergeggi.it\/de\/wp-json\/wp\/v2\/comments?post=404"}],"version-history":[{"count":1,"href":"https:\/\/parkingbergeggi.it\/de\/wp-json\/wp\/v2\/pages\/404\/revisions"}],"predecessor-version":[{"id":405,"href":"https:\/\/parkingbergeggi.it\/de\/wp-json\/wp\/v2\/pages\/404\/revisions\/405"}],"wp:attachment":[{"href":"https:\/\/parkingbergeggi.it\/de\/wp-json\/wp\/v2\/media?parent=404"}],"curies":[{"name":"wp","href":"https:\/\/api.w.org\/{rel}","templated":true}]}}